{"id":6835,"date":"2019-04-23T11:11:47","date_gmt":"2019-04-23T09:11:47","guid":{"rendered":"https:\/\/esemdemi.it\/robert"},"modified":"2019-06-05T11:57:11","modified_gmt":"2019-06-05T09:57:11","slug":"robert","status":"publish","type":"page","link":"https:\/\/esemdemi.it\/de\/robert\/","title":{"rendered":"Robert"},"content":{"rendered":"[vc_row type=&#8220;full_width_background&#8220; full_screen_row_position=&#8220;middle&#8220; bg_color=&#8220;#2b2b29&#8243; scene_position=&#8220;center&#8220; text_color=&#8220;light&#8220; text_align=&#8220;left&#8220; top_padding=&#8220;8%&#8220; bottom_padding=&#8220;10%&#8220; overlay_strength=&#8220;0.3&#8243; shape_divider_position=&#8220;bottom&#8220; bg_image_animation=&#8220;none&#8220; shape_type=&#8220;&#8220;][vc_column column_padding=&#8220;no-extra-padding&#8220; column_padding_position=&#8220;all&#8220; background_color_opacity=&#8220;1&#8243; background_hover_color_opacity=&#8220;1&#8243; column_link_target=&#8220;_self&#8220; column_shadow=&#8220;none&#8220; column_border_radius=&#8220;none&#8220; width=&#8220;1\/2&#8243; tablet_width_inherit=&#8220;default&#8220; tablet_text_alignment=&#8220;default&#8220; phone_text_alignment=&#8220;default&#8220; column_border_width=&#8220;none&#8220; column_border_style=&#8220;solid&#8220; bg_image_animation=&#8220;none&#8220;][image_with_animation image_url=&#8220;6466&#8243; alignment=&#8220;&#8220; animation=&#8220;Fade In&#8220; border_radius=&#8220;none&#8220; box_shadow=&#8220;none&#8220; max_width=&#8220;100%&#8220; el_class=&#8220;imgfix staffimg&#8220;][\/vc_column][vc_column column_padding=&#8220;padding-7-percent&#8220; column_padding_position=&#8220;top-left&#8220; background_color_opacity=&#8220;1&#8243; background_hover_color_opacity=&#8220;1&#8243; column_link_target=&#8220;_self&#8220; column_shadow=&#8220;none&#8220; column_border_radius=&#8220;none&#8220; width=&#8220;1\/2&#8243; tablet_width_inherit=&#8220;default&#8220; tablet_text_alignment=&#8220;default&#8220; phone_text_alignment=&#8220;default&#8220; column_border_width=&#8220;none&#8220; column_border_style=&#8220;solid&#8220; bg_image_animation=&#8220;none&#8220;][divider line_type=&#8220;No Line&#8220; custom_height=&#8220;200&#8243;][split_line_heading]\n<h1>Robert Wieser<\/h1>\n[\/split_line_heading][split_line_heading]\n<h2>Lenkende und ordnende Hand im Restaurant \u201cZur Kaiserkron\u201d und zudem verantwortlich f\u00fcr die Weinauswahl in allen Esemdem\u00ec-Lokalen: Das ist Robert Wieser.<\/h2>\n[\/split_line_heading][vc_column_text]Wiesers Karriere ist eine lange und sie beginnt fr\u00fch in den Hotels und Restaurants, die seine Familie im Gadertal f\u00fchrt. Der fr\u00fche Einstieg erm\u00f6glicht es ihm, Erfahrungen in den unterschiedlichen Rollen und verschiedensten Betrieben zu sammeln, bevor er die F\u00fchrung des Traditionsbetriebes \u201cSport Hotel Teresa\u201d \u00fcbernimmt.<\/p>\n<p>In den Jahren, in denen Robert Wieser f\u00fcr das Hotel verantwortlich zeichnet, erlebt dieses so etwas wie einen zweiten Fr\u00fchling und kann an den H\u00f6henflug der 1970er-Jahre ankn\u00fcpfen. Der Erfolg gibt Robert auf ganzer Linie recht, die Eigent\u00fcmer k\u00f6nnen das Hotel gewinnbringend verkaufen.<\/p>\n<p>Mit dem R\u00fcckenwind des Erfolges \u00fcbernimmt Wieser 2010 das Bozner Traditionsrestaurant \u201cZur Kaiserkron\u201d. Dieses hat damals schwierige Zeiten hinter sich, war sogar einige Zeit lang geschlossen. In den ersten sechs Monaten nach der Wiederer\u00f6ffnung ist deshalb ein bestimmtes Ma\u00df an Misstrauen und Skepsis seitens der G\u00e4ste sp\u00fcrbar.<\/p>\n<p>Der Druck auf der neuen F\u00fchrung ist daher riesig, doch Robert Wieser gilt als z\u00e4h und ambitioniert. Und er wei\u00df: Das Vertrauen der Kunden zur\u00fcckzugewinnen, ist ein langwieriger Prozess, der mit Bescheidenheit und Demut angegangen werden muss.<\/p>\n<p>In der K\u00fcche etwa setzt Robert &#8211; und das ist einmalig in S\u00fcdtirol &#8211; auf einen Holzkohleofen, auf dem ein vorz\u00fcgliches Grillh\u00e4hnchen zubereitet wird. Es wird zum Aush\u00e4ngeschild des Restaurants, erlangt bald schon Kultstatus und erobert das Herz der G\u00e4ste.<\/p>\n<p>Neben dem H\u00e4hnchen sind es aber auch stetige neue Schritte, die Wieser setzt, um die Beziehung zwischen Restaurant und Boznern zu befeuern. Dazu geh\u00f6ren der Weinausschank und eine Weinauswahl, die in S\u00fcdtirol in Sachen Qualit\u00e4t und Wagemut ihresgleichen sucht.<\/p>\n<p>Nach f\u00fcnf Jahren harter Arbeit kn\u00fcpft die Kaiserkron wieder an ihre ruhmreiche Vergangenheit an. Der Weg dorthin war f\u00fcr Robert allerdings eine <em>Tour de Force<\/em>. Trotzdem geht sein Blick in die Zukunft: Robert trifft sich mit seiner Schwester <a href=\"\/?page_id=6829\">Monica<\/a> und deren Ehemann <a href=\"\/?page_id=6807\">Claudio<\/a>, die damals seit einigen Jahren in Dubai leben und arbeiten. Ihnen schl\u00e4gt er vor, die Kr\u00e4fte zu b\u00fcndeln und das Restaurant gemeinsam zu f\u00fchren.<\/p>\n<p>Das Angebot ist verlockend, Monica Wieser und Claudio Melis kehren nach S\u00fcdtirol zur\u00fcck und heben mit Robert das gemeinsame Projekt \u201cEsemdem\u00ec\u201d aus der Taufe. Das kennt indes nur ein Ziel: frischen Wind in das gastronomische Angebot in S\u00fcdtirol zu bringen.[\/vc_column_text][\/vc_column][\/vc_row]\n","protected":false},"excerpt":{"rendered":"<p>[vc_row type=&#8220;full_width_background&#8220; full_screen_row_position=&#8220;middle&#8220; bg_color=&#8220;#2b2b29&#8243; scene_position=&#8220;center&#8220; text_color=&#8220;light&#8220; text_align=&#8220;left&#8220; top_padding=&#8220;8%&#8220; bottom_padding=&#8220;10%&#8220; overlay_strength=&#8220;0.3&#8243; shape_divider_position=&#8220;bottom&#8220; bg_image_animation=&#8220;none&#8220; shape_type=&#8220;&#8220;][vc_column column_padding=&#8220;no-extra-padding&#8220; column_padding_position=&#8220;all&#8220; background_color_opacity=&#8220;1&#8243; background_hover_color_opacity=&#8220;1&#8243; column_link_target=&#8220;_self&#8220; column_shadow=&#8220;none&#8220; column_border_radius=&#8220;none&#8220; width=&#8220;1\/2&#8243; tablet_width_inherit=&#8220;default&#8220; tablet_text_alignment=&#8220;default&#8220; phone_text_alignment=&#8220;default&#8220;&#8230;<\/p>\n","protected":false},"author":14,"featured_media":0,"parent":0,"menu_order":0,"comment_status":"closed","ping_status":"closed","template":"","meta":{"_acf_changed":false,"footnotes":""},"class_list":["post-6835","page","type-page","status-publish"],"acf":[],"_links":{"self":[{"href":"https:\/\/esemdemi.it\/de\/wp-json\/wp\/v2\/pages\/6835","targetHints":{"allow":["GET"]}}],"collection":[{"href":"https:\/\/esemdemi.it\/de\/wp-json\/wp\/v2\/pages"}],"about":[{"href":"https:\/\/esemdemi.it\/de\/wp-json\/wp\/v2\/types\/page"}],"author":[{"embeddable":true,"href":"https:\/\/esemdemi.it\/de\/wp-json\/wp\/v2\/users\/14"}],"replies":[{"embeddable":true,"href":"https:\/\/esemdemi.it\/de\/wp-json\/wp\/v2\/comments?post=6835"}],"version-history":[{"count":4,"href":"https:\/\/esemdemi.it\/de\/wp-json\/wp\/v2\/pages\/6835\/revisions"}],"predecessor-version":[{"id":6890,"href":"https:\/\/esemdemi.it\/de\/wp-json\/wp\/v2\/pages\/6835\/revisions\/6890"}],"wp:attachment":[{"href":"https:\/\/esemdemi.it\/de\/wp-json\/wp\/v2\/media?parent=6835"}],"curies":[{"name":"wp","href":"https:\/\/api.w.org\/{rel}","templated":true}]}}