{"id":6829,"date":"2019-04-26T09:44:41","date_gmt":"2019-04-26T07:44:41","guid":{"rendered":"https:\/\/esemdemi.it\/monica"},"modified":"2019-06-05T12:04:11","modified_gmt":"2019-06-05T10:04:11","slug":"monica","status":"publish","type":"page","link":"https:\/\/esemdemi.it\/de\/monica\/","title":{"rendered":"Monica"},"content":{"rendered":"[vc_row type=&#8220;full_width_background&#8220; full_screen_row_position=&#8220;middle&#8220; bg_color=&#8220;#2b2b29&#8243; scene_position=&#8220;center&#8220; text_color=&#8220;light&#8220; text_align=&#8220;left&#8220; top_padding=&#8220;8%&#8220; bottom_padding=&#8220;10%&#8220; overlay_strength=&#8220;0.3&#8243; shape_divider_position=&#8220;bottom&#8220; bg_image_animation=&#8220;none&#8220; shape_type=&#8220;&#8220;][vc_column column_padding=&#8220;no-extra-padding&#8220; column_padding_position=&#8220;all&#8220; background_color_opacity=&#8220;1&#8243; background_hover_color_opacity=&#8220;1&#8243; column_link_target=&#8220;_self&#8220; column_shadow=&#8220;none&#8220; column_border_radius=&#8220;none&#8220; width=&#8220;1\/2&#8243; tablet_width_inherit=&#8220;default&#8220; tablet_text_alignment=&#8220;default&#8220; phone_text_alignment=&#8220;default&#8220; column_border_width=&#8220;none&#8220; column_border_style=&#8220;solid&#8220; bg_image_animation=&#8220;none&#8220;][image_with_animation image_url=&#8220;6553&#8243; alignment=&#8220;&#8220; animation=&#8220;Fade In&#8220; border_radius=&#8220;none&#8220; box_shadow=&#8220;none&#8220; max_width=&#8220;100%&#8220; el_class=&#8220;imgfix staffimg&#8220;][\/vc_column][vc_column column_padding=&#8220;padding-7-percent&#8220; column_padding_position=&#8220;top-left&#8220; background_color_opacity=&#8220;1&#8243; background_hover_color_opacity=&#8220;1&#8243; column_link_target=&#8220;_self&#8220; column_shadow=&#8220;none&#8220; column_border_radius=&#8220;none&#8220; width=&#8220;1\/2&#8243; tablet_width_inherit=&#8220;default&#8220; tablet_text_alignment=&#8220;default&#8220; phone_text_alignment=&#8220;default&#8220; column_border_width=&#8220;none&#8220; column_border_style=&#8220;solid&#8220; bg_image_animation=&#8220;none&#8220;][divider line_type=&#8220;No Line&#8220; custom_height=&#8220;200&#8243;][split_line_heading]\n<h1>Monica Wieser<\/h1>\n[\/split_line_heading][split_line_heading]\n<h2>Wenn Esemdem\u00ec ein Gesicht h\u00e4tte, dann w\u00e4re es das von Monica Wieser. Sie hat die Saalleitung inne und bringt all ihre Erfahrung in die Verwaltung der Esemdem\u00ec-Lokale ein.<\/h2>\n[\/split_line_heading][vc_column_text]Die Weitsicht von Bergmenschen, so unkt man, ende meist an der n\u00e4chsten Felswand, am n\u00e4chsten un\u00fcberwindlich scheinenden nat\u00fcrlichen Hindernis. Wer das behauptet verkennt, dass man nirgends so viel \u00fcberblickt, wie von einem Berggipfel. Dort oben entsteht die Lust, mehr von der Welt zu sehen, dahin zu gehen, wo der Blick vom Gipfel endet, um sich ein neues St\u00fcck der Welt zu erschlie\u00dfen.<\/p>\n<p>Monica Wieser ist so ein Bergmensch, in dem der Blick vom Gipfel eine unb\u00e4ndige Lust entfacht hat, die Welt kennenzulernen. Im S\u00fcdtiroler Gadertal in eine Familie von Hoteliers hineingeboren, h\u00e4tte sie den einfachen Weg w\u00e4hlen und ins Familienunternehmen einsteigen k\u00f6nnen. Doch sie entscheidet sich anders.<\/p>\n<p>Nach ersten Berufserfahrungen in den familieneigenen Betrieben \u00fcbersiedelt sie 1997 gerade einmal 22-j\u00e4hrig nach Los Angeles, wo sie sich im Restaurant \u201cValentino\u201d von K\u00fcchenchef Piero Selvaggio nicht nur um die G\u00e4ste, sondern auch um die Verwaltung eines Betriebes k\u00fcmmert, der t\u00e4glich 250 bis 300 Mahlzeiten ausgibt. Mit den Worten von Piero Selvaggio: \u201cIn Italien regiert die Poesie, in den USA das Business.\u201d<\/p>\n<p>Den Kulturschock \u00fcberwindet Monica bald, sie bei\u00dft sich durch und schon ein Jahr nach ihrer \u00dcbersiedelung in die USA steht ein Wechsel an die Ostk\u00fcste an. In New York arbeitet sie f\u00fcr die Unternehmerfamilie Maccioni, k\u00fcmmert sich aber gleichzeitig um die Er\u00f6ffnung eines neuen Restaurants in Las Vegas. Sich dort seine Sporen zu verdienen, ist hartes Brot: 16-Stunden-Tage, m\u00f6rderisches Klima, gr\u00f6\u00dfte Anstrengungen.<\/p>\n<p>Die in den USA gesammelte Erfahrung bringt Monica bei ihrer R\u00fcckkehr ins Gadertal in das Familienunternehmen ein. Hier lernt sie auch <a href=\"\/?page_id=6807\">Claudio Melis<\/a> kennen, ihren sp\u00e4teren Ehemann.<\/p>\n<p>Mit ihm zieht sie in die Arabischen Emirate, wo sie fast f\u00fcnf Jahre leben und arbeiten, um den bereits reichen Erfahrungsschatz in der F\u00fchrung von Restaurants noch weiter auszubauen. 2015 kehren Wieser und Melis schlie\u00dflich nach S\u00fcdtirol zur\u00fcck, um Monicas Bruder <a href=\"\/?page_id=6835\">Robert<\/a> in der F\u00fchrung des Bozner Traditionsbetriebes \u201cZur Kaiserkron\u201d zu unterst\u00fctzen &#8211; und als Team mit Esemdem\u00ec ein neues, ambitioniertes Gastronomieprojekt ins Leben zu rufen.[\/vc_column_text][\/vc_column][\/vc_row]\n","protected":false},"excerpt":{"rendered":"<p>[vc_row type=&#8220;full_width_background&#8220; full_screen_row_position=&#8220;middle&#8220; bg_color=&#8220;#2b2b29&#8243; scene_position=&#8220;center&#8220; text_color=&#8220;light&#8220; text_align=&#8220;left&#8220; top_padding=&#8220;8%&#8220; bottom_padding=&#8220;10%&#8220; overlay_strength=&#8220;0.3&#8243; shape_divider_position=&#8220;bottom&#8220; bg_image_animation=&#8220;none&#8220; shape_type=&#8220;&#8220;][vc_column column_padding=&#8220;no-extra-padding&#8220; column_padding_position=&#8220;all&#8220; background_color_opacity=&#8220;1&#8243; background_hover_color_opacity=&#8220;1&#8243; column_link_target=&#8220;_self&#8220; column_shadow=&#8220;none&#8220; column_border_radius=&#8220;none&#8220; width=&#8220;1\/2&#8243; tablet_width_inherit=&#8220;default&#8220; tablet_text_alignment=&#8220;default&#8220; phone_text_alignment=&#8220;default&#8220;&#8230;<\/p>\n","protected":false},"author":14,"featured_media":0,"parent":0,"menu_order":0,"comment_status":"closed","ping_status":"closed","template":"","meta":{"_acf_changed":false,"footnotes":""},"class_list":["post-6829","page","type-page","status-publish"],"acf":[],"_links":{"self":[{"href":"https:\/\/esemdemi.it\/de\/wp-json\/wp\/v2\/pages\/6829","targetHints":{"allow":["GET"]}}],"collection":[{"href":"https:\/\/esemdemi.it\/de\/wp-json\/wp\/v2\/pages"}],"about":[{"href":"https:\/\/esemdemi.it\/de\/wp-json\/wp\/v2\/types\/page"}],"author":[{"embeddable":true,"href":"https:\/\/esemdemi.it\/de\/wp-json\/wp\/v2\/users\/14"}],"replies":[{"embeddable":true,"href":"https:\/\/esemdemi.it\/de\/wp-json\/wp\/v2\/comments?post=6829"}],"version-history":[{"count":2,"href":"https:\/\/esemdemi.it\/de\/wp-json\/wp\/v2\/pages\/6829\/revisions"}],"predecessor-version":[{"id":6896,"href":"https:\/\/esemdemi.it\/de\/wp-json\/wp\/v2\/pages\/6829\/revisions\/6896"}],"wp:attachment":[{"href":"https:\/\/esemdemi.it\/de\/wp-json\/wp\/v2\/media?parent=6829"}],"curies":[{"name":"wp","href":"https:\/\/api.w.org\/{rel}","templated":true}]}}